{"id":209,"date":"2026-01-12T10:49:57","date_gmt":"2026-01-12T09:49:57","guid":{"rendered":"https:\/\/elplast.info.pl\/?page_id=209"},"modified":"2026-01-19T13:03:41","modified_gmt":"2026-01-19T12:03:41","slug":"produkty-elektroinstalacyjne","status":"publish","type":"page","link":"https:\/\/elplast.info.pl\/index.php\/produkty\/produkty-elektroinstalacyjne\/","title":{"rendered":"Produkty elektroinstalacyjne"},"content":{"rendered":"\n<hr class=\"wp-block-separator has-text-color has-theme-palette-13-color has-alpha-channel-opacity has-theme-palette-13-background-color has-background is-style-wide\" style=\"margin-top:var(--wp--preset--spacing--60);margin-bottom:var(--wp--preset--spacing--60)\"\/>\n\n\n\n<div class=\"wp-block-columns is-layout-flex wp-container-core-columns-is-layout-9d6595d7 wp-block-columns-is-layout-flex\">\n<div class=\"wp-block-column is-vertically-aligned-top is-layout-flow wp-block-column-is-layout-flow\" style=\"flex-basis:30%\"><nav class=\"is-responsive items-justified-left is-vertical no-wrap wp-block-navigation is-content-justification-left is-nowrap is-layout-flex wp-container-core-navigation-is-layout-e95b0813 wp-block-navigation-is-layout-flex\" aria-label=\"Menu Produkty\" \n\t\t data-wp-interactive=\"core\/navigation\" data-wp-context='{\"overlayOpenedBy\":{\"click\":false,\"hover\":false,\"focus\":false},\"type\":\"overlay\",\"roleAttribute\":\"\",\"ariaLabel\":\"Menu\"}'><button aria-haspopup=\"dialog\" aria-label=\"Rozwi\u0144 menu\" class=\"wp-block-navigation__responsive-container-open\" \n\t\t\t\tdata-wp-on--click=\"actions.openMenuOnClick\"\n\t\t\t\tdata-wp-on--keydown=\"actions.handleMenuKeydown\"\n\t\t\t><svg width=\"24\" height=\"24\" xmlns=\"http:\/\/www.w3.org\/2000\/svg\" viewBox=\"0 0 24 24\"><path d=\"M5 5v1.5h14V5H5z\"><\/path><path d=\"M5 12.8h14v-1.5H5v1.5z\"><\/path><path d=\"M5 19h14v-1.5H5V19z\"><\/path><\/svg><\/button>\n\t\t\t\t<div class=\"wp-block-navigation__responsive-container\"  id=\"modal-1\" \n\t\t\t\tdata-wp-class--has-modal-open=\"state.isMenuOpen\"\n\t\t\t\tdata-wp-class--is-menu-open=\"state.isMenuOpen\"\n\t\t\t\tdata-wp-watch=\"callbacks.initMenu\"\n\t\t\t\tdata-wp-on--keydown=\"actions.handleMenuKeydown\"\n\t\t\t\tdata-wp-on--focusout=\"actions.handleMenuFocusout\"\n\t\t\t\ttabindex=\"-1\"\n\t\t\t>\n\t\t\t\t\t<div class=\"wp-block-navigation__responsive-close\" tabindex=\"-1\">\n\t\t\t\t\t\t<div class=\"wp-block-navigation__responsive-dialog\" \n\t\t\t\tdata-wp-bind--aria-modal=\"state.ariaModal\"\n\t\t\t\tdata-wp-bind--aria-label=\"state.ariaLabel\"\n\t\t\t\tdata-wp-bind--role=\"state.roleAttribute\"\n\t\t\t>\n\t\t\t\t\t\t\t<button aria-label=\"Zamknij menu\" class=\"wp-block-navigation__responsive-container-close\" \n\t\t\t\tdata-wp-on--click=\"actions.closeMenuOnClick\"\n\t\t\t><svg xmlns=\"http:\/\/www.w3.org\/2000\/svg\" viewBox=\"0 0 24 24\" width=\"24\" height=\"24\" aria-hidden=\"true\" focusable=\"false\"><path d=\"m13.06 12 6.47-6.47-1.06-1.06L12 10.94 5.53 4.47 4.47 5.53 10.94 12l-6.47 6.47 1.06 1.06L12 13.06l6.47 6.47 1.06-1.06L13.06 12Z\"><\/path><\/svg><\/button>\n\t\t\t\t\t\t\t<div class=\"wp-block-navigation__responsive-container-content\" \n\t\t\t\tdata-wp-watch=\"callbacks.focusFirstElement\"\n\t\t\t id=\"modal-1-content\">\n\t\t\t\t\t\t\t\t<ul class=\"wp-block-navigation__container is-responsive items-justified-left is-vertical no-wrap wp-block-navigation\"><li class=\" wp-block-navigation-item wp-block-navigation-link has-medium-font-size\"><a class=\"wp-block-navigation-item__content\"  href=\"https:\/\/elplast.info.pl\/index.php\/produkty\/\"><span class=\"wp-block-navigation-item__label\"><strong><span style=\"text-decoration: underline\">Produkty<\/span><\/strong><\/span><\/a><\/li><li class=\" wp-block-navigation-item wp-block-navigation-link has-medium-font-size\"><a class=\"wp-block-navigation-item__content\"  href=\"https:\/\/elplast.info.pl\/index.php\/produkty\/produkty-elektroinstalacyjne\/\"><span class=\"wp-block-navigation-item__label\"><strong>Produkty elektroinstalacyjne<\/strong><\/span><\/a><\/li><li class=\" wp-block-navigation-item wp-block-navigation-link\"><a class=\"wp-block-navigation-item__content\"  href=\"https:\/\/elplast.info.pl\/index.php\/produkty\/produkty-elektroinstalacyjne\/uchwyty-szybkiego-montazu-przewodow-plaskich\/\"><span class=\"wp-block-navigation-item__label\">Uchwyty szybkiego monta\u017cu przewod\u00f3w p\u0142askich<\/span><\/a><\/li><li class=\" wp-block-navigation-item wp-block-navigation-link\"><a class=\"wp-block-navigation-item__content\"  href=\"https:\/\/elplast.info.pl\/index.php\/produkty\/produkty-elektroinstalacyjne\/uchwyty-szybkiego-montazu-przewodow-okraglych\/\"><span class=\"wp-block-navigation-item__label\">Uchwyty szybkiego monta\u017cu przewod\u00f3w okr\u0105g\u0142ych<\/span><\/a><\/li><li class=\" wp-block-navigation-item wp-block-navigation-link\"><a class=\"wp-block-navigation-item__content\"  href=\"https:\/\/elplast.info.pl\/index.php\/produkty\/produkty-elektroinstalacyjne\/uchwyty-grupowe\/\"><span class=\"wp-block-navigation-item__label\">Uchwyty grupowe<\/span><\/a><\/li><li class=\" wp-block-navigation-item wp-block-navigation-link\"><a class=\"wp-block-navigation-item__content\"  href=\"https:\/\/elplast.info.pl\/index.php\/produkty\/produkty-elektroinstalacyjne\/uchwyty-hakowe\/\"><span class=\"wp-block-navigation-item__label\">Uchwyty hakowe<\/span><\/a><\/li><li class=\" wp-block-navigation-item wp-block-navigation-link\"><a class=\"wp-block-navigation-item__content\"  href=\"https:\/\/elplast.info.pl\/index.php\/produkty\/produkty-elektroinstalacyjne\/puszki-hermetyczne\/\"><span class=\"wp-block-navigation-item__label\">Puszki hermetyczne<\/span><\/a><\/li><li class=\" wp-block-navigation-item wp-block-navigation-link has-medium-font-size\"><a class=\"wp-block-navigation-item__content\"  href=\"https:\/\/elplast.info.pl\/index.php\/produkty\/akcesoria-do-ogrzewania-podlogowego\/\"><span class=\"wp-block-navigation-item__label\"><strong>Akcesoria do ogrzewania pod\u0142ogowego<\/strong><\/span><\/a><\/li><li class=\" wp-block-navigation-item wp-block-navigation-link has-medium-font-size\"><a class=\"wp-block-navigation-item__content\"  href=\"https:\/\/elplast.info.pl\/index.php\/produkty\/produkty-do-branzy-meblarskiej\/\"><span class=\"wp-block-navigation-item__label\"><strong>Produkty do bran\u017cy meblarskiej<\/strong><\/span><\/a><\/li><li class=\" wp-block-navigation-item wp-block-navigation-link has-medium-font-size\"><a class=\"wp-block-navigation-item__content\"  href=\"https:\/\/elplast.info.pl\/index.php\/produkty\/produkty-z-form-powierzonych\/\"><span class=\"wp-block-navigation-item__label\"><strong>Produkty z form powierzonych<\/strong><\/span><\/a><\/li><\/ul>\n\t\t\t\t\t\t\t<\/div>\n\t\t\t\t\t\t<\/div>\n\t\t\t\t\t<\/div>\n\t\t\t\t<\/div><\/nav><\/div>\n\n\n\n<div class=\"wp-block-column is-layout-flow wp-block-column-is-layout-flow\" style=\"flex-basis:70%\">\n<div class=\"wp-block-columns is-layout-flex wp-container-core-columns-is-layout-9d6595d7 wp-block-columns-is-layout-flex\">\n<div class=\"wp-block-column is-layout-flow wp-block-column-is-layout-flow\">\n<div class=\"wp-block-group\"><div class=\"wp-block-group__inner-container is-layout-constrained wp-block-group-is-layout-constrained\">\n<div class=\"wp-block-group is-vertical is-layout-flex wp-container-core-group-is-layout-65ce5ac3 wp-block-group-is-layout-flex\" style=\"margin-top:0;margin-bottom:0;padding-top:0;padding-right:0;padding-bottom:0;padding-left:0\">\n<figure class=\"wp-block-image size-full has-custom-border\" style=\"margin-top:0;margin-bottom:0\"><a href=\"https:\/\/elplast.info.pl\/index.php\/produkty\/produkty-elektroinstalacyjne\/uchwyty-szybkiego-montazu-przewodow-plaskich\/\"><img loading=\"lazy\" decoding=\"async\" width=\"1023\" height=\"569\" src=\"https:\/\/elplast.info.pl\/wp-content\/uploads\/2026\/01\/1f778a41-b3c8-4f1e-9d44-7a4d9ce5d4ae.png\" alt=\"\" class=\"wp-image-578\" style=\"border-top-left-radius:50px;border-top-right-radius:50px;border-bottom-left-radius:50px;border-bottom-right-radius:50px\" srcset=\"https:\/\/elplast.info.pl\/wp-content\/uploads\/2026\/01\/1f778a41-b3c8-4f1e-9d44-7a4d9ce5d4ae.png 1023w, https:\/\/elplast.info.pl\/wp-content\/uploads\/2026\/01\/1f778a41-b3c8-4f1e-9d44-7a4d9ce5d4ae-300x167.png 300w, https:\/\/elplast.info.pl\/wp-content\/uploads\/2026\/01\/1f778a41-b3c8-4f1e-9d44-7a4d9ce5d4ae-768x427.png 768w\" sizes=\"auto, (max-width: 1023px) 100vw, 1023px\" \/><\/a><\/figure>\n\n\n\n<p class=\"has-text-align-center has-theme-palette-3-color has-text-color has-link-color wp-elements-e1551b52de0c304995dfc0562615ef01\"><strong><a href=\"https:\/\/elplast.info.pl\/index.php\/produkty\/produkty-elektroinstalacyjne\/uchwyty-szybkiego-montazu-przewodow-plaskich\/\">Uchwyty do szybkiego monta\u017cu przewod\u00f3w p\u0142askich<\/a><\/strong><\/p>\n<\/div>\n<\/div><\/div>\n\n\n\n<div style=\"height:30px\" aria-hidden=\"true\" class=\"wp-block-spacer\"><\/div>\n\n\n\n<div class=\"wp-block-group is-layout-grid wp-container-core-group-is-layout-c86970d0 wp-block-group-is-layout-grid\" style=\"padding-top:0;padding-bottom:0\">\n<figure class=\"wp-block-image size-large has-custom-border\" style=\"margin-top:0;margin-bottom:0\"><a href=\"https:\/\/elplast.info.pl\/index.php\/produkty\/produkty-elektroinstalacyjne\/uchwyty-grupowe\/\"><img loading=\"lazy\" decoding=\"async\" width=\"1024\" height=\"593\" src=\"https:\/\/elplast.info.pl\/wp-content\/uploads\/2026\/01\/uchwyty_paskie-1024x593.png\" alt=\"\" class=\"wp-image-583\" style=\"border-top-left-radius:50px;border-top-right-radius:50px;border-bottom-left-radius:50px;border-bottom-right-radius:50px\" srcset=\"https:\/\/elplast.info.pl\/wp-content\/uploads\/2026\/01\/uchwyty_paskie-1024x593.png 1024w, https:\/\/elplast.info.pl\/wp-content\/uploads\/2026\/01\/uchwyty_paskie-300x174.png 300w, https:\/\/elplast.info.pl\/wp-content\/uploads\/2026\/01\/uchwyty_paskie-768x445.png 768w, https:\/\/elplast.info.pl\/wp-content\/uploads\/2026\/01\/uchwyty_paskie-1536x889.png 1536w, https:\/\/elplast.info.pl\/wp-content\/uploads\/2026\/01\/uchwyty_paskie-2048x1186.png 2048w\" sizes=\"auto, (max-width: 1024px) 100vw, 1024px\" \/><\/a><\/figure>\n\n\n\n<p class=\"has-text-align-center has-theme-palette-3-color has-text-color has-link-color wp-elements-333033dd9a422d41b694ad373859a470\"><strong><a href=\"https:\/\/elplast.info.pl\/index.php\/produkty\/produkty-elektroinstalacyjne\/uchwyty-grupowe\/\">Uchwyty grupowe<\/a><\/strong><\/p>\n<\/div>\n\n\n\n<div style=\"height:30px\" aria-hidden=\"true\" class=\"wp-block-spacer\"><\/div>\n\n\n\n<div class=\"wp-block-group is-layout-grid wp-container-core-group-is-layout-c86970d0 wp-block-group-is-layout-grid\" style=\"padding-top:0;padding-bottom:0\">\n<figure class=\"wp-block-image size-full has-custom-border\" style=\"margin-top:0;margin-bottom:0\"><a href=\"https:\/\/elplast.info.pl\/index.php\/puszki-hermetyczne\/\"><img loading=\"lazy\" decoding=\"async\" width=\"705\" height=\"406\" src=\"https:\/\/elplast.info.pl\/wp-content\/uploads\/2026\/01\/69354ae0-ae1f-49b2-bffc-729af511fbb9.png\" alt=\"\" class=\"wp-image-572\" style=\"border-top-left-radius:50px;border-top-right-radius:50px;border-bottom-left-radius:50px;border-bottom-right-radius:50px\" srcset=\"https:\/\/elplast.info.pl\/wp-content\/uploads\/2026\/01\/69354ae0-ae1f-49b2-bffc-729af511fbb9.png 705w, https:\/\/elplast.info.pl\/wp-content\/uploads\/2026\/01\/69354ae0-ae1f-49b2-bffc-729af511fbb9-300x173.png 300w\" sizes=\"auto, (max-width: 705px) 100vw, 705px\" \/><\/a><\/figure>\n\n\n\n<p class=\"has-text-align-center has-theme-palette-3-color has-text-color has-link-color wp-elements-f9b54d30187ed73763e80aa641e6495d\"><strong><a href=\"https:\/\/elplast.info.pl\/index.php\/puszki-hermetyczne\/\">Puszki hermetyczne<\/a><\/strong><\/p>\n<\/div>\n<\/div>\n\n\n\n<div class=\"wp-block-column is-layout-flow wp-block-column-is-layout-flow\">\n<div class=\"wp-block-group is-layout-grid wp-container-core-group-is-layout-c86970d0 wp-block-group-is-layout-grid\" style=\"padding-top:0;padding-bottom:0\">\n<figure class=\"wp-block-image size-large has-custom-border is-style-default\" style=\"margin-top:0;margin-bottom:0\"><a href=\"https:\/\/elplast.info.pl\/index.php\/produkty\/produkty-elektroinstalacyjne\/uchwyty-szybkiego-montazu-przewodow-okraglych\/\"><img loading=\"lazy\" decoding=\"async\" width=\"1024\" height=\"576\" src=\"https:\/\/elplast.info.pl\/wp-content\/uploads\/2026\/01\/20180306_170544-1024x576.jpg\" alt=\"\" class=\"wp-image-555\" style=\"border-top-left-radius:50px;border-top-right-radius:50px;border-bottom-left-radius:50px;border-bottom-right-radius:50px\" srcset=\"https:\/\/elplast.info.pl\/wp-content\/uploads\/2026\/01\/20180306_170544-1024x576.jpg 1024w, https:\/\/elplast.info.pl\/wp-content\/uploads\/2026\/01\/20180306_170544-300x169.jpg 300w, https:\/\/elplast.info.pl\/wp-content\/uploads\/2026\/01\/20180306_170544-768x432.jpg 768w, https:\/\/elplast.info.pl\/wp-content\/uploads\/2026\/01\/20180306_170544-1536x864.jpg 1536w, https:\/\/elplast.info.pl\/wp-content\/uploads\/2026\/01\/20180306_170544-2048x1152.jpg 2048w\" sizes=\"auto, (max-width: 1024px) 100vw, 1024px\" \/><\/a><\/figure>\n\n\n\n<p class=\"has-text-align-center has-theme-palette-3-color has-text-color has-link-color wp-elements-bcea3e41a67f1bb85337cbd1cebc6a6c wp-container-content-69bc4bdf\"><strong><a href=\"https:\/\/elplast.info.pl\/index.php\/produkty\/produkty-elektroinstalacyjne\/uchwyty-szybkiego-montazu-przewodow-okraglych\/\">Uchwyty do szybkiego monta\u017cu przewod\u00f3w okr\u0105g\u0142ych<\/a><\/strong><\/p>\n<\/div>\n\n\n\n<div style=\"height:30px\" aria-hidden=\"true\" class=\"wp-block-spacer\"><\/div>\n\n\n\n<div class=\"wp-block-group is-layout-grid wp-container-core-group-is-layout-c86970d0 wp-block-group-is-layout-grid\" style=\"padding-top:0;padding-bottom:0\">\n<figure class=\"wp-block-image size-large has-custom-border\" style=\"margin-top:0;margin-bottom:0\"><a href=\"https:\/\/elplast.info.pl\/index.php\/produkty\/produkty-elektroinstalacyjne\/uchwyty-hakowe\/\"><img loading=\"lazy\" decoding=\"async\" width=\"1024\" height=\"576\" src=\"https:\/\/elplast.info.pl\/wp-content\/uploads\/2026\/01\/UH-2-1024x576.png\" alt=\"\" class=\"wp-image-585\" style=\"border-top-left-radius:50px;border-top-right-radius:50px;border-bottom-left-radius:50px;border-bottom-right-radius:50px\" srcset=\"https:\/\/elplast.info.pl\/wp-content\/uploads\/2026\/01\/UH-2-1024x576.png 1024w, https:\/\/elplast.info.pl\/wp-content\/uploads\/2026\/01\/UH-2-300x169.png 300w, https:\/\/elplast.info.pl\/wp-content\/uploads\/2026\/01\/UH-2-768x432.png 768w, https:\/\/elplast.info.pl\/wp-content\/uploads\/2026\/01\/UH-2-1536x864.png 1536w, https:\/\/elplast.info.pl\/wp-content\/uploads\/2026\/01\/UH-2-2048x1152.png 2048w\" sizes=\"auto, (max-width: 1024px) 100vw, 1024px\" \/><\/a><\/figure>\n\n\n\n<p class=\"has-text-align-center has-theme-palette-3-color has-text-color has-link-color wp-elements-d567b6e1ea5b640002b4f83a843dbd32\"><strong><a href=\"https:\/\/elplast.info.pl\/index.php\/produkty\/produkty-elektroinstalacyjne\/uchwyty-hakowe\/\">Uchwyty hakowe<\/a><\/strong><\/p>\n<\/div>\n<\/div>\n<\/div>\n<\/div>\n<\/div>\n","protected":false},"excerpt":{"rendered":"<p>Uchwyty do szybkiego monta\u017cu przewod\u00f3w p\u0142askich Uchwyty grupowe Puszki hermetyczne Uchwyty do szybkiego monta\u017cu przewod\u00f3w okr\u0105g\u0142ych Uchwyty hakowe<\/p>\n","protected":false},"author":1,"featured_media":53,"parent":218,"menu_order":1,"comment_status":"closed","ping_status":"closed","template":"","meta":{"_kadence_starter_templates_imported_post":false,"_kad_post_transparent":"","_kad_post_title":"","_kad_post_layout":"","_kad_post_sidebar_id":"","_kad_post_content_style":"","_kad_post_vertical_padding":"","_kad_post_feature":"","_kad_post_feature_position":"","_kad_post_header":false,"_kad_post_footer":false,"_kad_post_classname":"","footnotes":""},"class_list":["post-209","page","type-page","status-publish","has-post-thumbnail","hentry"],"yoast_head":"<!-- This site is optimized with the Yoast SEO plugin v27.3 - https:\/\/yoast.com\/product\/yoast-seo-wordpress\/ -->\n<title>Produkty elektroinstalacyjne | ELPLAST<\/title>\n<meta name=\"description\" content=\"produkty elektroinstalacyjne: uchwyty szybkiego monta\u017cu p\u0142askie, okr\u0105g\u0142e, uchwyty grupowe, uchwyty hakowe, puszki hermetyczne\" \/>\n<meta name=\"robots\" content=\"index, follow, max-snippet:-1, max-image-preview:large, max-video-preview:-1\" \/>\n<link rel=\"canonical\" href=\"https:\/\/elplast.info.pl\/index.php\/produkty\/produkty-elektroinstalacyjne\/\" \/>\n<meta property=\"og:locale\" content=\"pl_PL\" \/>\n<meta property=\"og:type\" content=\"article\" \/>\n<meta property=\"og:title\" content=\"Produkty elektroinstalacyjne | ELPLAST\" \/>\n<meta property=\"og:description\" content=\"produkty elektroinstalacyjne: uchwyty szybkiego monta\u017cu p\u0142askie, okr\u0105g\u0142e, uchwyty grupowe, uchwyty hakowe, puszki hermetyczne\" \/>\n<meta property=\"og:url\" content=\"https:\/\/elplast.info.pl\/index.php\/produkty\/produkty-elektroinstalacyjne\/\" \/>\n<meta property=\"article:publisher\" content=\"http:\/\/facebook.com\/elplastsieroszewice\" \/>\n<meta property=\"article:modified_time\" content=\"2026-01-19T12:03:41+00:00\" \/>\n<meta property=\"og:image\" content=\"https:\/\/elplast.info.pl\/wp-content\/uploads\/2026\/01\/template1.png\" \/>\n\t<meta property=\"og:image:width\" content=\"512\" \/>\n\t<meta property=\"og:image:height\" content=\"510\" \/>\n\t<meta property=\"og:image:type\" content=\"image\/png\" \/>\n<meta name=\"twitter:card\" content=\"summary_large_image\" \/>\n<meta name=\"twitter:label1\" content=\"Szacowany czas czytania\" \/>\n\t<meta name=\"twitter:data1\" content=\"2 minuty\" \/>\n<script type=\"application\/ld+json\" class=\"yoast-schema-graph\">{\"@context\":\"https:\\\/\\\/schema.org\",\"@graph\":[{\"@type\":\"WebPage\",\"@id\":\"https:\\\/\\\/elplast.info.pl\\\/index.php\\\/produkty\\\/produkty-elektroinstalacyjne\\\/\",\"url\":\"https:\\\/\\\/elplast.info.pl\\\/index.php\\\/produkty\\\/produkty-elektroinstalacyjne\\\/\",\"name\":\"Produkty elektroinstalacyjne | ELPLAST\",\"isPartOf\":{\"@id\":\"https:\\\/\\\/elplast.info.pl\\\/#website\"},\"primaryImageOfPage\":{\"@id\":\"https:\\\/\\\/elplast.info.pl\\\/index.php\\\/produkty\\\/produkty-elektroinstalacyjne\\\/#primaryimage\"},\"image\":{\"@id\":\"https:\\\/\\\/elplast.info.pl\\\/index.php\\\/produkty\\\/produkty-elektroinstalacyjne\\\/#primaryimage\"},\"thumbnailUrl\":\"https:\\\/\\\/elplast.info.pl\\\/wp-content\\\/uploads\\\/2026\\\/01\\\/template1.png\",\"datePublished\":\"2026-01-12T09:49:57+00:00\",\"dateModified\":\"2026-01-19T12:03:41+00:00\",\"description\":\"produkty elektroinstalacyjne: uchwyty szybkiego monta\u017cu p\u0142askie, okr\u0105g\u0142e, uchwyty grupowe, uchwyty hakowe, puszki hermetyczne\",\"breadcrumb\":{\"@id\":\"https:\\\/\\\/elplast.info.pl\\\/index.php\\\/produkty\\\/produkty-elektroinstalacyjne\\\/#breadcrumb\"},\"inLanguage\":\"pl-PL\",\"potentialAction\":[{\"@type\":\"ReadAction\",\"target\":[\"https:\\\/\\\/elplast.info.pl\\\/index.php\\\/produkty\\\/produkty-elektroinstalacyjne\\\/\"]}]},{\"@type\":\"ImageObject\",\"inLanguage\":\"pl-PL\",\"@id\":\"https:\\\/\\\/elplast.info.pl\\\/index.php\\\/produkty\\\/produkty-elektroinstalacyjne\\\/#primaryimage\",\"url\":\"https:\\\/\\\/elplast.info.pl\\\/wp-content\\\/uploads\\\/2026\\\/01\\\/template1.png\",\"contentUrl\":\"https:\\\/\\\/elplast.info.pl\\\/wp-content\\\/uploads\\\/2026\\\/01\\\/template1.png\",\"width\":512,\"height\":510},{\"@type\":\"BreadcrumbList\",\"@id\":\"https:\\\/\\\/elplast.info.pl\\\/index.php\\\/produkty\\\/produkty-elektroinstalacyjne\\\/#breadcrumb\",\"itemListElement\":[{\"@type\":\"ListItem\",\"position\":1,\"name\":\"Strona g\u0142\u00f3wna\",\"item\":\"https:\\\/\\\/elplast.info.pl\\\/\"},{\"@type\":\"ListItem\",\"position\":2,\"name\":\"Produkty\",\"item\":\"https:\\\/\\\/elplast.info.pl\\\/index.php\\\/produkty\\\/\"},{\"@type\":\"ListItem\",\"position\":3,\"name\":\"Produkty elektroinstalacyjne\"}]},{\"@type\":\"WebSite\",\"@id\":\"https:\\\/\\\/elplast.info.pl\\\/#website\",\"url\":\"https:\\\/\\\/elplast.info.pl\\\/\",\"name\":\"ELPLAST\",\"description\":\"\",\"publisher\":{\"@id\":\"https:\\\/\\\/elplast.info.pl\\\/#organization\"},\"potentialAction\":[{\"@type\":\"SearchAction\",\"target\":{\"@type\":\"EntryPoint\",\"urlTemplate\":\"https:\\\/\\\/elplast.info.pl\\\/?s={search_term_string}\"},\"query-input\":{\"@type\":\"PropertyValueSpecification\",\"valueRequired\":true,\"valueName\":\"search_term_string\"}}],\"inLanguage\":\"pl-PL\"},{\"@type\":\"Organization\",\"@id\":\"https:\\\/\\\/elplast.info.pl\\\/#organization\",\"name\":\"ELPLAST\",\"url\":\"https:\\\/\\\/elplast.info.pl\\\/\",\"logo\":{\"@type\":\"ImageObject\",\"inLanguage\":\"pl-PL\",\"@id\":\"https:\\\/\\\/elplast.info.pl\\\/#\\\/schema\\\/logo\\\/image\\\/\",\"url\":\"https:\\\/\\\/elplast.info.pl\\\/wp-content\\\/uploads\\\/2026\\\/01\\\/cropped-ELPLAST-czerwone-tlo-1.jpg\",\"contentUrl\":\"https:\\\/\\\/elplast.info.pl\\\/wp-content\\\/uploads\\\/2026\\\/01\\\/cropped-ELPLAST-czerwone-tlo-1.jpg\",\"width\":1032,\"height\":154,\"caption\":\"ELPLAST\"},\"image\":{\"@id\":\"https:\\\/\\\/elplast.info.pl\\\/#\\\/schema\\\/logo\\\/image\\\/\"},\"sameAs\":[\"http:\\\/\\\/facebook.com\\\/elplastsieroszewice\"]}]}<\/script>\n<!-- \/ Yoast SEO plugin. -->","yoast_head_json":{"title":"Produkty elektroinstalacyjne | ELPLAST","description":"produkty elektroinstalacyjne: uchwyty szybkiego monta\u017cu p\u0142askie, okr\u0105g\u0142e, uchwyty grupowe, uchwyty hakowe, puszki hermetyczne","robots":{"index":"index","follow":"follow","max-snippet":"max-snippet:-1","max-image-preview":"max-image-preview:large","max-video-preview":"max-video-preview:-1"},"canonical":"https:\/\/elplast.info.pl\/index.php\/produkty\/produkty-elektroinstalacyjne\/","og_locale":"pl_PL","og_type":"article","og_title":"Produkty elektroinstalacyjne | ELPLAST","og_description":"produkty elektroinstalacyjne: uchwyty szybkiego monta\u017cu p\u0142askie, okr\u0105g\u0142e, uchwyty grupowe, uchwyty hakowe, puszki hermetyczne","og_url":"https:\/\/elplast.info.pl\/index.php\/produkty\/produkty-elektroinstalacyjne\/","article_publisher":"http:\/\/facebook.com\/elplastsieroszewice","article_modified_time":"2026-01-19T12:03:41+00:00","og_image":[{"width":512,"height":510,"url":"https:\/\/elplast.info.pl\/wp-content\/uploads\/2026\/01\/template1.png","type":"image\/png"}],"twitter_card":"summary_large_image","twitter_misc":{"Szacowany czas czytania":"2 minuty"},"schema":{"@context":"https:\/\/schema.org","@graph":[{"@type":"WebPage","@id":"https:\/\/elplast.info.pl\/index.php\/produkty\/produkty-elektroinstalacyjne\/","url":"https:\/\/elplast.info.pl\/index.php\/produkty\/produkty-elektroinstalacyjne\/","name":"Produkty elektroinstalacyjne | ELPLAST","isPartOf":{"@id":"https:\/\/elplast.info.pl\/#website"},"primaryImageOfPage":{"@id":"https:\/\/elplast.info.pl\/index.php\/produkty\/produkty-elektroinstalacyjne\/#primaryimage"},"image":{"@id":"https:\/\/elplast.info.pl\/index.php\/produkty\/produkty-elektroinstalacyjne\/#primaryimage"},"thumbnailUrl":"https:\/\/elplast.info.pl\/wp-content\/uploads\/2026\/01\/template1.png","datePublished":"2026-01-12T09:49:57+00:00","dateModified":"2026-01-19T12:03:41+00:00","description":"produkty elektroinstalacyjne: uchwyty szybkiego monta\u017cu p\u0142askie, okr\u0105g\u0142e, uchwyty grupowe, uchwyty hakowe, puszki hermetyczne","breadcrumb":{"@id":"https:\/\/elplast.info.pl\/index.php\/produkty\/produkty-elektroinstalacyjne\/#breadcrumb"},"inLanguage":"pl-PL","potentialAction":[{"@type":"ReadAction","target":["https:\/\/elplast.info.pl\/index.php\/produkty\/produkty-elektroinstalacyjne\/"]}]},{"@type":"ImageObject","inLanguage":"pl-PL","@id":"https:\/\/elplast.info.pl\/index.php\/produkty\/produkty-elektroinstalacyjne\/#primaryimage","url":"https:\/\/elplast.info.pl\/wp-content\/uploads\/2026\/01\/template1.png","contentUrl":"https:\/\/elplast.info.pl\/wp-content\/uploads\/2026\/01\/template1.png","width":512,"height":510},{"@type":"BreadcrumbList","@id":"https:\/\/elplast.info.pl\/index.php\/produkty\/produkty-elektroinstalacyjne\/#breadcrumb","itemListElement":[{"@type":"ListItem","position":1,"name":"Strona g\u0142\u00f3wna","item":"https:\/\/elplast.info.pl\/"},{"@type":"ListItem","position":2,"name":"Produkty","item":"https:\/\/elplast.info.pl\/index.php\/produkty\/"},{"@type":"ListItem","position":3,"name":"Produkty elektroinstalacyjne"}]},{"@type":"WebSite","@id":"https:\/\/elplast.info.pl\/#website","url":"https:\/\/elplast.info.pl\/","name":"ELPLAST","description":"","publisher":{"@id":"https:\/\/elplast.info.pl\/#organization"},"potentialAction":[{"@type":"SearchAction","target":{"@type":"EntryPoint","urlTemplate":"https:\/\/elplast.info.pl\/?s={search_term_string}"},"query-input":{"@type":"PropertyValueSpecification","valueRequired":true,"valueName":"search_term_string"}}],"inLanguage":"pl-PL"},{"@type":"Organization","@id":"https:\/\/elplast.info.pl\/#organization","name":"ELPLAST","url":"https:\/\/elplast.info.pl\/","logo":{"@type":"ImageObject","inLanguage":"pl-PL","@id":"https:\/\/elplast.info.pl\/#\/schema\/logo\/image\/","url":"https:\/\/elplast.info.pl\/wp-content\/uploads\/2026\/01\/cropped-ELPLAST-czerwone-tlo-1.jpg","contentUrl":"https:\/\/elplast.info.pl\/wp-content\/uploads\/2026\/01\/cropped-ELPLAST-czerwone-tlo-1.jpg","width":1032,"height":154,"caption":"ELPLAST"},"image":{"@id":"https:\/\/elplast.info.pl\/#\/schema\/logo\/image\/"},"sameAs":["http:\/\/facebook.com\/elplastsieroszewice"]}]}},"_links":{"self":[{"href":"https:\/\/elplast.info.pl\/index.php\/wp-json\/wp\/v2\/pages\/209","targetHints":{"allow":["GET"]}}],"collection":[{"href":"https:\/\/elplast.info.pl\/index.php\/wp-json\/wp\/v2\/pages"}],"about":[{"href":"https:\/\/elplast.info.pl\/index.php\/wp-json\/wp\/v2\/types\/page"}],"author":[{"embeddable":true,"href":"https:\/\/elplast.info.pl\/index.php\/wp-json\/wp\/v2\/users\/1"}],"replies":[{"embeddable":true,"href":"https:\/\/elplast.info.pl\/index.php\/wp-json\/wp\/v2\/comments?post=209"}],"version-history":[{"count":15,"href":"https:\/\/elplast.info.pl\/index.php\/wp-json\/wp\/v2\/pages\/209\/revisions"}],"predecessor-version":[{"id":897,"href":"https:\/\/elplast.info.pl\/index.php\/wp-json\/wp\/v2\/pages\/209\/revisions\/897"}],"up":[{"embeddable":true,"href":"https:\/\/elplast.info.pl\/index.php\/wp-json\/wp\/v2\/pages\/218"}],"wp:featuredmedia":[{"embeddable":true,"href":"https:\/\/elplast.info.pl\/index.php\/wp-json\/wp\/v2\/media\/53"}],"wp:attachment":[{"href":"https:\/\/elplast.info.pl\/index.php\/wp-json\/wp\/v2\/media?parent=209"}],"curies":[{"name":"wp","href":"https:\/\/api.w.org\/{rel}","templated":true}]}}