{"id":471,"date":"2026-01-14T18:04:47","date_gmt":"2026-01-14T17:04:47","guid":{"rendered":"https:\/\/elplast.info.pl\/?page_id=471"},"modified":"2026-01-20T12:47:04","modified_gmt":"2026-01-20T11:47:04","slug":"uchwyty-hakowe","status":"publish","type":"page","link":"https:\/\/elplast.info.pl\/index.php\/produkty\/produkty-elektroinstalacyjne\/uchwyty-hakowe\/","title":{"rendered":"Uchwyty hakowe"},"content":{"rendered":"\n<hr class=\"wp-block-separator has-text-color has-theme-palette-13-color has-alpha-channel-opacity has-theme-palette-13-background-color has-background is-style-wide\" style=\"margin-top:var(--wp--preset--spacing--60);margin-bottom:var(--wp--preset--spacing--60)\"\/>\n\n\n\n<div class=\"wp-block-columns is-layout-flex wp-container-core-columns-is-layout-9d6595d7 wp-block-columns-is-layout-flex\">\n<div class=\"wp-block-column is-layout-flow wp-block-column-is-layout-flow\" style=\"flex-basis:30%\"><nav class=\"is-responsive  is-vertical wp-block-navigation is-layout-flex wp-container-core-navigation-is-layout-8cf370e7 wp-block-navigation-is-layout-flex\" aria-label=\"Menu Produkty\" \n\t\t data-wp-interactive=\"core\/navigation\" data-wp-context='{\"overlayOpenedBy\":{\"click\":false,\"hover\":false,\"focus\":false},\"type\":\"overlay\",\"roleAttribute\":\"\",\"ariaLabel\":\"Menu\"}'><button aria-haspopup=\"dialog\" aria-label=\"Rozwi\u0144 menu\" class=\"wp-block-navigation__responsive-container-open\" \n\t\t\t\tdata-wp-on--click=\"actions.openMenuOnClick\"\n\t\t\t\tdata-wp-on--keydown=\"actions.handleMenuKeydown\"\n\t\t\t><svg width=\"24\" height=\"24\" xmlns=\"http:\/\/www.w3.org\/2000\/svg\" viewBox=\"0 0 24 24\" aria-hidden=\"true\" focusable=\"false\"><path d=\"M4 7.5h16v1.5H4z\"><\/path><path d=\"M4 15h16v1.5H4z\"><\/path><\/svg><\/button>\n\t\t\t\t<div class=\"wp-block-navigation__responsive-container\"  id=\"modal-1\" \n\t\t\t\tdata-wp-class--has-modal-open=\"state.isMenuOpen\"\n\t\t\t\tdata-wp-class--is-menu-open=\"state.isMenuOpen\"\n\t\t\t\tdata-wp-watch=\"callbacks.initMenu\"\n\t\t\t\tdata-wp-on--keydown=\"actions.handleMenuKeydown\"\n\t\t\t\tdata-wp-on--focusout=\"actions.handleMenuFocusout\"\n\t\t\t\ttabindex=\"-1\"\n\t\t\t>\n\t\t\t\t\t<div class=\"wp-block-navigation__responsive-close\" tabindex=\"-1\">\n\t\t\t\t\t\t<div class=\"wp-block-navigation__responsive-dialog\" \n\t\t\t\tdata-wp-bind--aria-modal=\"state.ariaModal\"\n\t\t\t\tdata-wp-bind--aria-label=\"state.ariaLabel\"\n\t\t\t\tdata-wp-bind--role=\"state.roleAttribute\"\n\t\t\t>\n\t\t\t\t\t\t\t<button aria-label=\"Zamknij menu\" class=\"wp-block-navigation__responsive-container-close\" \n\t\t\t\tdata-wp-on--click=\"actions.closeMenuOnClick\"\n\t\t\t><svg xmlns=\"http:\/\/www.w3.org\/2000\/svg\" viewBox=\"0 0 24 24\" width=\"24\" height=\"24\" aria-hidden=\"true\" focusable=\"false\"><path d=\"m13.06 12 6.47-6.47-1.06-1.06L12 10.94 5.53 4.47 4.47 5.53 10.94 12l-6.47 6.47 1.06 1.06L12 13.06l6.47 6.47 1.06-1.06L13.06 12Z\"><\/path><\/svg><\/button>\n\t\t\t\t\t\t\t<div class=\"wp-block-navigation__responsive-container-content\" \n\t\t\t\tdata-wp-watch=\"callbacks.focusFirstElement\"\n\t\t\t id=\"modal-1-content\">\n\t\t\t\t\t\t\t\t<ul class=\"wp-block-navigation__container is-responsive  is-vertical wp-block-navigation\"><li class=\" wp-block-navigation-item wp-block-navigation-link has-medium-font-size\"><a class=\"wp-block-navigation-item__content\"  href=\"https:\/\/elplast.info.pl\/index.php\/produkty\/\"><span class=\"wp-block-navigation-item__label\"><strong><span style=\"text-decoration: underline\">Produkty<\/span><\/strong><\/span><\/a><\/li><li class=\" wp-block-navigation-item wp-block-navigation-link has-medium-font-size\"><a class=\"wp-block-navigation-item__content\"  href=\"https:\/\/elplast.info.pl\/index.php\/produkty\/produkty-elektroinstalacyjne\/\"><span class=\"wp-block-navigation-item__label\"><strong>Produkty elektroinstalacyjne<\/strong><\/span><\/a><\/li><li class=\" wp-block-navigation-item wp-block-navigation-link\"><a class=\"wp-block-navigation-item__content\"  href=\"https:\/\/elplast.info.pl\/index.php\/produkty\/produkty-elektroinstalacyjne\/uchwyty-szybkiego-montazu-przewodow-plaskich\/\"><span class=\"wp-block-navigation-item__label\">Uchwyty szybkiego monta\u017cu przewod\u00f3w p\u0142askich<\/span><\/a><\/li><li class=\" wp-block-navigation-item wp-block-navigation-link\"><a class=\"wp-block-navigation-item__content\"  href=\"https:\/\/elplast.info.pl\/index.php\/produkty\/produkty-elektroinstalacyjne\/uchwyty-szybkiego-montazu-przewodow-okraglych\/\"><span class=\"wp-block-navigation-item__label\">Uchwyty szybkiego monta\u017cu przewod\u00f3w okr\u0105g\u0142ych<\/span><\/a><\/li><li class=\" wp-block-navigation-item wp-block-navigation-link\"><a class=\"wp-block-navigation-item__content\"  href=\"https:\/\/elplast.info.pl\/index.php\/produkty\/produkty-elektroinstalacyjne\/uchwyty-grupowe\/\"><span class=\"wp-block-navigation-item__label\">Uchwyty grupowe<\/span><\/a><\/li><li class=\" wp-block-navigation-item wp-block-navigation-link\"><a class=\"wp-block-navigation-item__content\"  href=\"https:\/\/elplast.info.pl\/index.php\/produkty\/produkty-elektroinstalacyjne\/uchwyty-hakowe\/\"><span class=\"wp-block-navigation-item__label\">Uchwyty hakowe<\/span><\/a><\/li><li class=\" wp-block-navigation-item wp-block-navigation-link\"><a class=\"wp-block-navigation-item__content\"  href=\"https:\/\/elplast.info.pl\/index.php\/produkty\/produkty-elektroinstalacyjne\/puszki-hermetyczne\/\"><span class=\"wp-block-navigation-item__label\">Puszki hermetyczne<\/span><\/a><\/li><li class=\" wp-block-navigation-item wp-block-navigation-link has-medium-font-size\"><a class=\"wp-block-navigation-item__content\"  href=\"https:\/\/elplast.info.pl\/index.php\/produkty\/akcesoria-do-ogrzewania-podlogowego\/\"><span class=\"wp-block-navigation-item__label\"><strong>Akcesoria do ogrzewania pod\u0142ogowego<\/strong><\/span><\/a><\/li><li class=\" wp-block-navigation-item wp-block-navigation-link has-medium-font-size\"><a class=\"wp-block-navigation-item__content\"  href=\"https:\/\/elplast.info.pl\/index.php\/produkty\/produkty-do-branzy-meblarskiej\/\"><span class=\"wp-block-navigation-item__label\"><strong>Produkty do bran\u017cy meblarskiej<\/strong><\/span><\/a><\/li><li class=\" wp-block-navigation-item wp-block-navigation-link has-medium-font-size\"><a class=\"wp-block-navigation-item__content\"  href=\"https:\/\/elplast.info.pl\/index.php\/produkty\/produkty-z-form-powierzonych\/\"><span class=\"wp-block-navigation-item__label\"><strong>Produkty z form powierzonych<\/strong><\/span><\/a><\/li><\/ul>\n\t\t\t\t\t\t\t<\/div>\n\t\t\t\t\t\t<\/div>\n\t\t\t\t\t<\/div>\n\t\t\t\t<\/div><\/nav><\/div>\n\n\n\n<div class=\"wp-block-column is-layout-flow wp-block-column-is-layout-flow\" style=\"flex-basis:70%\">\n<div class=\"wp-block-columns is-layout-flex wp-container-core-columns-is-layout-9d6595d7 wp-block-columns-is-layout-flex\">\n<div class=\"wp-block-column is-layout-flow wp-block-column-is-layout-flow\" style=\"flex-basis:33.33%\"><div class=\"wp-block-image\">\n<figure class=\"aligncenter size-large is-resized has-custom-border\"><img loading=\"lazy\" decoding=\"async\" width=\"645\" height=\"1024\" src=\"https:\/\/elplast.info.pl\/wp-content\/uploads\/2026\/01\/UH-1-1-645x1024.png\" alt=\"\" class=\"wp-image-913\" style=\"border-top-left-radius:50px;border-top-right-radius:50px;border-bottom-left-radius:50px;border-bottom-right-radius:50px;width:auto;height:350px\" srcset=\"https:\/\/elplast.info.pl\/wp-content\/uploads\/2026\/01\/UH-1-1-645x1024.png 645w, https:\/\/elplast.info.pl\/wp-content\/uploads\/2026\/01\/UH-1-1-189x300.png 189w, https:\/\/elplast.info.pl\/wp-content\/uploads\/2026\/01\/UH-1-1-768x1219.png 768w, https:\/\/elplast.info.pl\/wp-content\/uploads\/2026\/01\/UH-1-1-968x1536.png 968w, https:\/\/elplast.info.pl\/wp-content\/uploads\/2026\/01\/UH-1-1.png 1157w\" sizes=\"auto, (max-width: 645px) 100vw, 645px\" \/><\/figure>\n<\/div><\/div>\n\n\n\n<div class=\"wp-block-column is-layout-flow wp-block-column-is-layout-flow\" style=\"flex-basis:66.66%\">\n<p class=\"has-medium-font-size\"><strong>Uchwyt hakowy &#8211; UH 1<\/strong><\/p>\n\n\n\n<p><strong>Zastosowanie: <\/strong>szybki monta\u017c rur g\u0142adkich i karbowanych oraz rur CO i ogrzewania pod\u0142ogowego<br><strong>\u015arednica mocowanych rurek:<\/strong> 18 mm, 20 mm, 22 mm<br><strong>Rodzaje mocowanych przewod\u00f3w:<\/strong> YDYzo 3&#215;2,5, 3&#215;1,5, 4&#215;1,5 <br><strong>Wykonany z: <\/strong>polipropylen<br><strong>Wiert\u0142o:<\/strong> pod\u0142o\u017ce twarde (beton, ceg\u0142a itp.): \u03d5 6<br>pod\u0142o\u017ce mi\u0119kkie (suporex, pustak \u017cu\u017clowy itp.): \u03d5 7<br><strong>Kolor: <\/strong>bia\u0142y<br><strong>Ilo\u015b\u0107 w opakowaniu:<\/strong> 100 szt.<br><br><strong>Kod produktu: <\/strong>5904730782166<\/p>\n\n\n\n<div class=\"wp-block-buttons is-layout-flex wp-block-buttons-is-layout-flex\">\n<div class=\"wp-block-button\"><a class=\"wp-block-button__link has-theme-palette-9-color has-theme-palette-2-background-color has-text-color has-background has-link-color wp-element-button\" href=\"mailto:elplast-et@wp.pl\">Zapytaj o cen\u0119<\/a><\/div>\n<\/div>\n<\/div>\n<\/div>\n\n\n\n<hr class=\"wp-block-separator has-text-color has-theme-palette-2-color has-alpha-channel-opacity has-theme-palette-2-background-color has-background is-style-wide\"\/>\n\n\n\n<div class=\"wp-block-columns is-layout-flex wp-container-core-columns-is-layout-9d6595d7 wp-block-columns-is-layout-flex\">\n<div class=\"wp-block-column is-layout-flow wp-block-column-is-layout-flow\" style=\"flex-basis:33.33%\"><div class=\"wp-block-image\">\n<figure class=\"aligncenter size-large is-resized has-custom-border\"><img loading=\"lazy\" decoding=\"async\" width=\"733\" height=\"1024\" src=\"https:\/\/elplast.info.pl\/wp-content\/uploads\/2026\/01\/UH2-733x1024.png\" alt=\"\" class=\"wp-image-914\" style=\"border-top-left-radius:50px;border-top-right-radius:50px;border-bottom-left-radius:50px;border-bottom-right-radius:50px;width:auto;height:350px\" srcset=\"https:\/\/elplast.info.pl\/wp-content\/uploads\/2026\/01\/UH2-733x1024.png 733w, https:\/\/elplast.info.pl\/wp-content\/uploads\/2026\/01\/UH2-215x300.png 215w, https:\/\/elplast.info.pl\/wp-content\/uploads\/2026\/01\/UH2-768x1074.png 768w, https:\/\/elplast.info.pl\/wp-content\/uploads\/2026\/01\/UH2-1099x1536.png 1099w, https:\/\/elplast.info.pl\/wp-content\/uploads\/2026\/01\/UH2.png 1219w\" sizes=\"auto, (max-width: 733px) 100vw, 733px\" \/><\/figure>\n<\/div><\/div>\n\n\n\n<div class=\"wp-block-column is-layout-flow wp-block-column-is-layout-flow\" style=\"flex-basis:66.66%\">\n<p class=\"has-medium-font-size\"><strong>Uchwyt hakowy &#8211; UH 2<\/strong><\/p>\n\n\n\n<p><strong>Zastosowanie: <\/strong>szybki monta\u017c 2 rur g\u0142adkich i karbowanych oraz rur CO i ogrzewania pod\u0142ogowego<br><strong>\u015arednica mocowanych rurek:<\/strong> 18 mm, 20 mm, 22 mm<br><strong>Rodzaje mocowanych przewod\u00f3w:<\/strong> YDYzo 3&#215;2,5, 3&#215;1,5, 4&#215;1,5 <br><strong>Wykonany z: <\/strong>polipropylen<br><strong>Wiert\u0142o:<\/strong> pod\u0142o\u017ce twarde (beton, ceg\u0142a itp.): \u03d5 6<br>pod\u0142o\u017ce mi\u0119kkie (suporex, pustak \u017cu\u017clowy itp.): \u03d5 7<br><strong>Kolor: <\/strong>bia\u0142y<br><strong>Ilo\u015b\u0107 w opakowaniu:<\/strong> 100 szt.<br><br><strong>Kod produktu: <\/strong>5904730782173<\/p>\n\n\n\n<div class=\"wp-block-buttons is-layout-flex wp-block-buttons-is-layout-flex\">\n<div class=\"wp-block-button\"><a class=\"wp-block-button__link has-theme-palette-9-color has-theme-palette-2-background-color has-text-color has-background has-link-color wp-element-button\" href=\"mailto:elplast-et@wp.pl\">Zapytaj o cen\u0119<\/a><\/div>\n<\/div>\n<\/div>\n<\/div>\n\n\n\n<hr class=\"wp-block-separator has-text-color has-theme-palette-2-color has-alpha-channel-opacity has-theme-palette-2-background-color has-background is-style-wide\"\/>\n<\/div>\n<\/div>\n","protected":false},"excerpt":{"rendered":"<p>Uchwyt hakowy &#8211; UH 1 Zastosowanie: szybki monta\u017c rur g\u0142adkich i karbowanych oraz rur CO i ogrzewania pod\u0142ogowego\u015arednica mocowanych rurek: 18 mm, 20 mm, 22 mmRodzaje mocowanych przewod\u00f3w: YDYzo 3&#215;2,5, 3&#215;1,5, 4&#215;1,5 Wykonany z: polipropylenWiert\u0142o: pod\u0142o\u017ce twarde (beton, ceg\u0142a itp.): \u03d5 6pod\u0142o\u017ce mi\u0119kkie (suporex, pustak \u017cu\u017clowy itp.): \u03d5 7Kolor: bia\u0142yIlo\u015b\u0107 w opakowaniu: 100 szt. Kod&#8230;<\/p>\n","protected":false},"author":1,"featured_media":0,"parent":209,"menu_order":4,"comment_status":"closed","ping_status":"closed","template":"","meta":{"_kadence_starter_templates_imported_post":false,"_kad_post_transparent":"","_kad_post_title":"","_kad_post_layout":"","_kad_post_sidebar_id":"","_kad_post_content_style":"","_kad_post_vertical_padding":"","_kad_post_feature":"","_kad_post_feature_position":"","_kad_post_header":false,"_kad_post_footer":false,"_kad_post_classname":"","footnotes":""},"class_list":["post-471","page","type-page","status-publish","hentry"],"yoast_head":"<!-- This site is optimized with the Yoast SEO plugin v27.3 - https:\/\/yoast.com\/product\/yoast-seo-wordpress\/ -->\n<title>Uchwyty hakowe -<\/title>\n<meta name=\"robots\" content=\"index, follow, max-snippet:-1, max-image-preview:large, max-video-preview:-1\" \/>\n<link rel=\"canonical\" href=\"https:\/\/elplast.info.pl\/index.php\/produkty\/produkty-elektroinstalacyjne\/uchwyty-hakowe\/\" \/>\n<meta property=\"og:locale\" content=\"pl_PL\" \/>\n<meta property=\"og:type\" content=\"article\" \/>\n<meta property=\"og:title\" content=\"Uchwyty hakowe -\" \/>\n<meta property=\"og:description\" content=\"Uchwyt hakowy &#8211; UH 1 Zastosowanie: szybki monta\u017c rur g\u0142adkich i karbowanych oraz rur CO i ogrzewania pod\u0142ogowego\u015arednica mocowanych rurek: 18 mm, 20 mm, 22 mmRodzaje mocowanych przewod\u00f3w: YDYzo 3&#215;2,5, 3&#215;1,5, 4&#215;1,5 Wykonany z: polipropylenWiert\u0142o: pod\u0142o\u017ce twarde (beton, ceg\u0142a itp.): \u03d5 6pod\u0142o\u017ce mi\u0119kkie (suporex, pustak \u017cu\u017clowy itp.): \u03d5 7Kolor: bia\u0142yIlo\u015b\u0107 w opakowaniu: 100 szt. Kod...\" \/>\n<meta property=\"og:url\" content=\"https:\/\/elplast.info.pl\/index.php\/produkty\/produkty-elektroinstalacyjne\/uchwyty-hakowe\/\" \/>\n<meta property=\"article:publisher\" content=\"http:\/\/facebook.com\/elplastsieroszewice\" \/>\n<meta property=\"article:modified_time\" content=\"2026-01-20T11:47:04+00:00\" \/>\n<meta property=\"og:image\" content=\"https:\/\/elplast.info.pl\/wp-content\/uploads\/2026\/01\/UH-1-1.png\" \/>\n\t<meta property=\"og:image:width\" content=\"1157\" \/>\n\t<meta property=\"og:image:height\" content=\"1836\" \/>\n\t<meta property=\"og:image:type\" content=\"image\/png\" \/>\n<meta name=\"twitter:card\" content=\"summary_large_image\" \/>\n<meta name=\"twitter:label1\" content=\"Szacowany czas czytania\" \/>\n\t<meta name=\"twitter:data1\" content=\"2 minuty\" \/>\n<script type=\"application\/ld+json\" class=\"yoast-schema-graph\">{\"@context\":\"https:\\\/\\\/schema.org\",\"@graph\":[{\"@type\":\"WebPage\",\"@id\":\"https:\\\/\\\/elplast.info.pl\\\/index.php\\\/produkty\\\/produkty-elektroinstalacyjne\\\/uchwyty-hakowe\\\/\",\"url\":\"https:\\\/\\\/elplast.info.pl\\\/index.php\\\/produkty\\\/produkty-elektroinstalacyjne\\\/uchwyty-hakowe\\\/\",\"name\":\"Uchwyty hakowe -\",\"isPartOf\":{\"@id\":\"https:\\\/\\\/elplast.info.pl\\\/#website\"},\"primaryImageOfPage\":{\"@id\":\"https:\\\/\\\/elplast.info.pl\\\/index.php\\\/produkty\\\/produkty-elektroinstalacyjne\\\/uchwyty-hakowe\\\/#primaryimage\"},\"image\":{\"@id\":\"https:\\\/\\\/elplast.info.pl\\\/index.php\\\/produkty\\\/produkty-elektroinstalacyjne\\\/uchwyty-hakowe\\\/#primaryimage\"},\"thumbnailUrl\":\"https:\\\/\\\/elplast.info.pl\\\/wp-content\\\/uploads\\\/2026\\\/01\\\/UH-1-1-645x1024.png\",\"datePublished\":\"2026-01-14T17:04:47+00:00\",\"dateModified\":\"2026-01-20T11:47:04+00:00\",\"breadcrumb\":{\"@id\":\"https:\\\/\\\/elplast.info.pl\\\/index.php\\\/produkty\\\/produkty-elektroinstalacyjne\\\/uchwyty-hakowe\\\/#breadcrumb\"},\"inLanguage\":\"pl-PL\",\"potentialAction\":[{\"@type\":\"ReadAction\",\"target\":[\"https:\\\/\\\/elplast.info.pl\\\/index.php\\\/produkty\\\/produkty-elektroinstalacyjne\\\/uchwyty-hakowe\\\/\"]}]},{\"@type\":\"ImageObject\",\"inLanguage\":\"pl-PL\",\"@id\":\"https:\\\/\\\/elplast.info.pl\\\/index.php\\\/produkty\\\/produkty-elektroinstalacyjne\\\/uchwyty-hakowe\\\/#primaryimage\",\"url\":\"https:\\\/\\\/elplast.info.pl\\\/wp-content\\\/uploads\\\/2026\\\/01\\\/UH-1-1.png\",\"contentUrl\":\"https:\\\/\\\/elplast.info.pl\\\/wp-content\\\/uploads\\\/2026\\\/01\\\/UH-1-1.png\",\"width\":1157,\"height\":1836},{\"@type\":\"BreadcrumbList\",\"@id\":\"https:\\\/\\\/elplast.info.pl\\\/index.php\\\/produkty\\\/produkty-elektroinstalacyjne\\\/uchwyty-hakowe\\\/#breadcrumb\",\"itemListElement\":[{\"@type\":\"ListItem\",\"position\":1,\"name\":\"Strona g\u0142\u00f3wna\",\"item\":\"https:\\\/\\\/elplast.info.pl\\\/\"},{\"@type\":\"ListItem\",\"position\":2,\"name\":\"Produkty\",\"item\":\"https:\\\/\\\/elplast.info.pl\\\/index.php\\\/produkty\\\/\"},{\"@type\":\"ListItem\",\"position\":3,\"name\":\"Produkty elektroinstalacyjne\",\"item\":\"https:\\\/\\\/elplast.info.pl\\\/index.php\\\/produkty\\\/produkty-elektroinstalacyjne\\\/\"},{\"@type\":\"ListItem\",\"position\":4,\"name\":\"Uchwyty hakowe\"}]},{\"@type\":\"WebSite\",\"@id\":\"https:\\\/\\\/elplast.info.pl\\\/#website\",\"url\":\"https:\\\/\\\/elplast.info.pl\\\/\",\"name\":\"ELPLAST\",\"description\":\"\",\"publisher\":{\"@id\":\"https:\\\/\\\/elplast.info.pl\\\/#organization\"},\"potentialAction\":[{\"@type\":\"SearchAction\",\"target\":{\"@type\":\"EntryPoint\",\"urlTemplate\":\"https:\\\/\\\/elplast.info.pl\\\/?s={search_term_string}\"},\"query-input\":{\"@type\":\"PropertyValueSpecification\",\"valueRequired\":true,\"valueName\":\"search_term_string\"}}],\"inLanguage\":\"pl-PL\"},{\"@type\":\"Organization\",\"@id\":\"https:\\\/\\\/elplast.info.pl\\\/#organization\",\"name\":\"ELPLAST\",\"url\":\"https:\\\/\\\/elplast.info.pl\\\/\",\"logo\":{\"@type\":\"ImageObject\",\"inLanguage\":\"pl-PL\",\"@id\":\"https:\\\/\\\/elplast.info.pl\\\/#\\\/schema\\\/logo\\\/image\\\/\",\"url\":\"https:\\\/\\\/elplast.info.pl\\\/wp-content\\\/uploads\\\/2026\\\/01\\\/cropped-ELPLAST-czerwone-tlo-1.jpg\",\"contentUrl\":\"https:\\\/\\\/elplast.info.pl\\\/wp-content\\\/uploads\\\/2026\\\/01\\\/cropped-ELPLAST-czerwone-tlo-1.jpg\",\"width\":1032,\"height\":154,\"caption\":\"ELPLAST\"},\"image\":{\"@id\":\"https:\\\/\\\/elplast.info.pl\\\/#\\\/schema\\\/logo\\\/image\\\/\"},\"sameAs\":[\"http:\\\/\\\/facebook.com\\\/elplastsieroszewice\"]}]}<\/script>\n<!-- \/ Yoast SEO plugin. -->","yoast_head_json":{"title":"Uchwyty hakowe -","robots":{"index":"index","follow":"follow","max-snippet":"max-snippet:-1","max-image-preview":"max-image-preview:large","max-video-preview":"max-video-preview:-1"},"canonical":"https:\/\/elplast.info.pl\/index.php\/produkty\/produkty-elektroinstalacyjne\/uchwyty-hakowe\/","og_locale":"pl_PL","og_type":"article","og_title":"Uchwyty hakowe -","og_description":"Uchwyt hakowy &#8211; UH 1 Zastosowanie: szybki monta\u017c rur g\u0142adkich i karbowanych oraz rur CO i ogrzewania pod\u0142ogowego\u015arednica mocowanych rurek: 18 mm, 20 mm, 22 mmRodzaje mocowanych przewod\u00f3w: YDYzo 3&#215;2,5, 3&#215;1,5, 4&#215;1,5 Wykonany z: polipropylenWiert\u0142o: pod\u0142o\u017ce twarde (beton, ceg\u0142a itp.): \u03d5 6pod\u0142o\u017ce mi\u0119kkie (suporex, pustak \u017cu\u017clowy itp.): \u03d5 7Kolor: bia\u0142yIlo\u015b\u0107 w opakowaniu: 100 szt. Kod...","og_url":"https:\/\/elplast.info.pl\/index.php\/produkty\/produkty-elektroinstalacyjne\/uchwyty-hakowe\/","article_publisher":"http:\/\/facebook.com\/elplastsieroszewice","article_modified_time":"2026-01-20T11:47:04+00:00","og_image":[{"width":1157,"height":1836,"url":"https:\/\/elplast.info.pl\/wp-content\/uploads\/2026\/01\/UH-1-1.png","type":"image\/png"}],"twitter_card":"summary_large_image","twitter_misc":{"Szacowany czas czytania":"2 minuty"},"schema":{"@context":"https:\/\/schema.org","@graph":[{"@type":"WebPage","@id":"https:\/\/elplast.info.pl\/index.php\/produkty\/produkty-elektroinstalacyjne\/uchwyty-hakowe\/","url":"https:\/\/elplast.info.pl\/index.php\/produkty\/produkty-elektroinstalacyjne\/uchwyty-hakowe\/","name":"Uchwyty hakowe -","isPartOf":{"@id":"https:\/\/elplast.info.pl\/#website"},"primaryImageOfPage":{"@id":"https:\/\/elplast.info.pl\/index.php\/produkty\/produkty-elektroinstalacyjne\/uchwyty-hakowe\/#primaryimage"},"image":{"@id":"https:\/\/elplast.info.pl\/index.php\/produkty\/produkty-elektroinstalacyjne\/uchwyty-hakowe\/#primaryimage"},"thumbnailUrl":"https:\/\/elplast.info.pl\/wp-content\/uploads\/2026\/01\/UH-1-1-645x1024.png","datePublished":"2026-01-14T17:04:47+00:00","dateModified":"2026-01-20T11:47:04+00:00","breadcrumb":{"@id":"https:\/\/elplast.info.pl\/index.php\/produkty\/produkty-elektroinstalacyjne\/uchwyty-hakowe\/#breadcrumb"},"inLanguage":"pl-PL","potentialAction":[{"@type":"ReadAction","target":["https:\/\/elplast.info.pl\/index.php\/produkty\/produkty-elektroinstalacyjne\/uchwyty-hakowe\/"]}]},{"@type":"ImageObject","inLanguage":"pl-PL","@id":"https:\/\/elplast.info.pl\/index.php\/produkty\/produkty-elektroinstalacyjne\/uchwyty-hakowe\/#primaryimage","url":"https:\/\/elplast.info.pl\/wp-content\/uploads\/2026\/01\/UH-1-1.png","contentUrl":"https:\/\/elplast.info.pl\/wp-content\/uploads\/2026\/01\/UH-1-1.png","width":1157,"height":1836},{"@type":"BreadcrumbList","@id":"https:\/\/elplast.info.pl\/index.php\/produkty\/produkty-elektroinstalacyjne\/uchwyty-hakowe\/#breadcrumb","itemListElement":[{"@type":"ListItem","position":1,"name":"Strona g\u0142\u00f3wna","item":"https:\/\/elplast.info.pl\/"},{"@type":"ListItem","position":2,"name":"Produkty","item":"https:\/\/elplast.info.pl\/index.php\/produkty\/"},{"@type":"ListItem","position":3,"name":"Produkty elektroinstalacyjne","item":"https:\/\/elplast.info.pl\/index.php\/produkty\/produkty-elektroinstalacyjne\/"},{"@type":"ListItem","position":4,"name":"Uchwyty hakowe"}]},{"@type":"WebSite","@id":"https:\/\/elplast.info.pl\/#website","url":"https:\/\/elplast.info.pl\/","name":"ELPLAST","description":"","publisher":{"@id":"https:\/\/elplast.info.pl\/#organization"},"potentialAction":[{"@type":"SearchAction","target":{"@type":"EntryPoint","urlTemplate":"https:\/\/elplast.info.pl\/?s={search_term_string}"},"query-input":{"@type":"PropertyValueSpecification","valueRequired":true,"valueName":"search_term_string"}}],"inLanguage":"pl-PL"},{"@type":"Organization","@id":"https:\/\/elplast.info.pl\/#organization","name":"ELPLAST","url":"https:\/\/elplast.info.pl\/","logo":{"@type":"ImageObject","inLanguage":"pl-PL","@id":"https:\/\/elplast.info.pl\/#\/schema\/logo\/image\/","url":"https:\/\/elplast.info.pl\/wp-content\/uploads\/2026\/01\/cropped-ELPLAST-czerwone-tlo-1.jpg","contentUrl":"https:\/\/elplast.info.pl\/wp-content\/uploads\/2026\/01\/cropped-ELPLAST-czerwone-tlo-1.jpg","width":1032,"height":154,"caption":"ELPLAST"},"image":{"@id":"https:\/\/elplast.info.pl\/#\/schema\/logo\/image\/"},"sameAs":["http:\/\/facebook.com\/elplastsieroszewice"]}]}},"_links":{"self":[{"href":"https:\/\/elplast.info.pl\/index.php\/wp-json\/wp\/v2\/pages\/471","targetHints":{"allow":["GET"]}}],"collection":[{"href":"https:\/\/elplast.info.pl\/index.php\/wp-json\/wp\/v2\/pages"}],"about":[{"href":"https:\/\/elplast.info.pl\/index.php\/wp-json\/wp\/v2\/types\/page"}],"author":[{"embeddable":true,"href":"https:\/\/elplast.info.pl\/index.php\/wp-json\/wp\/v2\/users\/1"}],"replies":[{"embeddable":true,"href":"https:\/\/elplast.info.pl\/index.php\/wp-json\/wp\/v2\/comments?post=471"}],"version-history":[{"count":2,"href":"https:\/\/elplast.info.pl\/index.php\/wp-json\/wp\/v2\/pages\/471\/revisions"}],"predecessor-version":[{"id":916,"href":"https:\/\/elplast.info.pl\/index.php\/wp-json\/wp\/v2\/pages\/471\/revisions\/916"}],"up":[{"embeddable":true,"href":"https:\/\/elplast.info.pl\/index.php\/wp-json\/wp\/v2\/pages\/209"}],"wp:attachment":[{"href":"https:\/\/elplast.info.pl\/index.php\/wp-json\/wp\/v2\/media?parent=471"}],"curies":[{"name":"wp","href":"https:\/\/api.w.org\/{rel}","templated":true}]}}